{"id":10576,"date":"2022-04-04T19:41:58","date_gmt":"2022-04-04T17:41:58","guid":{"rendered":"https:\/\/egd.no\/news\/"},"modified":"2022-06-28T11:27:58","modified_gmt":"2022-06-28T09:27:58","slug":"news","status":"publish","type":"page","link":"https:\/\/egd.no\/en\/news\/","title":{"rendered":"News"},"content":{"rendered":"\t\t<div data-elementor-type=\"wp-page\" data-elementor-id=\"10576\" class=\"elementor elementor-10576\">\n\t\t\t\t\t\t<section class=\"elementor-section elementor-top-section elementor-element elementor-element-332e6677 elementor-section-full_width elementor-section-stretched elementor-section-height-default elementor-section-height-default qodef-elementor-content-no\" data-id=\"332e6677\" data-element_type=\"section\" data-e-type=\"section\" data-settings=\"{&quot;stretch_section&quot;:&quot;section-stretched&quot;,&quot;background_background&quot;:&quot;classic&quot;}\">\n\t\t\t\t\t\t\t<div class=\"elementor-background-overlay\"><\/div>\n\t\t\t\t\t\t\t<div class=\"elementor-container elementor-column-gap-default\">\n\t\t\t\t\t<div class=\"elementor-column elementor-col-100 elementor-top-column elementor-element elementor-element-43c83dfb\" data-id=\"43c83dfb\" data-element_type=\"column\" data-e-type=\"column\">\n\t\t\t<div class=\"elementor-widget-wrap elementor-element-populated\">\n\t\t\t\t\t\t<div class=\"elementor-element elementor-element-31d368fd elementor-widget elementor-widget-spacer\" data-id=\"31d368fd\" data-element_type=\"widget\" data-e-type=\"widget\" data-widget_type=\"spacer.default\">\n\t\t\t\t<div class=\"elementor-widget-container\">\n\t\t\t\t\t\t\t<div class=\"elementor-spacer\">\n\t\t\t<div class=\"elementor-spacer-inner\"><\/div>\n\t\t<\/div>\n\t\t\t\t\t\t<\/div>\n\t\t\t\t<\/div>\n\t\t\t\t<div class=\"elementor-element elementor-element-70be1220 elementor-widget elementor-widget-heading\" data-id=\"70be1220\" data-element_type=\"widget\" data-e-type=\"widget\" data-widget_type=\"heading.default\">\n\t\t\t\t<div class=\"elementor-widget-container\">\n\t\t\t\t\t<h2 class=\"elementor-heading-title elementor-size-default\">News<\/h2>\t\t\t\t<\/div>\n\t\t\t\t<\/div>\n\t\t\t\t<div class=\"elementor-element elementor-element-120efec9 elementor-widget elementor-widget-spacer\" data-id=\"120efec9\" data-element_type=\"widget\" data-e-type=\"widget\" data-widget_type=\"spacer.default\">\n\t\t\t\t<div class=\"elementor-widget-container\">\n\t\t\t\t\t\t\t<div class=\"elementor-spacer\">\n\t\t\t<div class=\"elementor-spacer-inner\"><\/div>\n\t\t<\/div>\n\t\t\t\t\t\t<\/div>\n\t\t\t\t<\/div>\n\t\t\t\t\t<\/div>\n\t\t<\/div>\n\t\t\t\t\t<\/div>\n\t\t<\/section>\n\t\t\t\t<section class=\"elementor-section elementor-top-section elementor-element elementor-element-bfa73b2 elementor-section-full_width elementor-section-stretched elementor-section-height-default elementor-section-height-default qodef-elementor-content-no\" data-id=\"bfa73b2\" data-element_type=\"section\" data-e-type=\"section\" data-settings=\"{&quot;animation&quot;:&quot;none&quot;,&quot;animation_delay&quot;:400,&quot;stretch_section&quot;:&quot;section-stretched&quot;}\">\n\t\t\t\t\t\t<div class=\"elementor-container elementor-column-gap-no\">\n\t\t\t\t\t<div class=\"elementor-column elementor-col-100 elementor-top-column elementor-element elementor-element-9111182\" data-id=\"9111182\" data-element_type=\"column\" data-e-type=\"column\">\n\t\t\t<div class=\"elementor-widget-wrap\">\n\t\t\t\t\t\t\t<\/div>\n\t\t<\/div>\n\t\t\t\t\t<\/div>\n\t\t<\/section>\n\t\t\t\t<section class=\"elementor-section elementor-top-section elementor-element elementor-element-c731746 elementor-section-full_width elementor-section-height-default elementor-section-height-default qodef-elementor-content-no\" data-id=\"c731746\" data-element_type=\"section\" data-e-type=\"section\">\n\t\t\t\t\t\t<div class=\"elementor-container elementor-column-gap-default\">\n\t\t\t\t\t<div class=\"elementor-column elementor-col-100 elementor-top-column elementor-element elementor-element-3cf4e1f\" data-id=\"3cf4e1f\" data-element_type=\"column\" data-e-type=\"column\">\n\t\t\t<div class=\"elementor-widget-wrap elementor-element-populated\">\n\t\t\t\t\t\t<div class=\"elementor-element elementor-element-965d138 elementor-widget elementor-widget-qi_addons_for_elementor_blog_list\" data-id=\"965d138\" data-element_type=\"widget\" data-e-type=\"widget\" data-settings=\"{&quot;_animation&quot;:&quot;none&quot;}\" data-widget_type=\"qi_addons_for_elementor_blog_list.default\">\n\t\t\t\t<div class=\"elementor-widget-container\">\n\t\t\t\t\t<div class=\"qodef-shortcode qodef-m news_egd qodef-addons-blog-list qodef-qi-grid qodef-layout--qi-columns qodef-col-num--2 qodef-item-layout--date-boxed qodef-responsive--predefined\" >\n\t<div class=\"qodef-grid-inner\">\n\t\t<article class=\"qodef-e qodef-blog-item qodef-grid-item qodef-item--custom post-13342 post type-post status-publish format-standard has-post-thumbnail hentry category-frontpage category-news\">\n\t<div class=\"qodef-e-inner\">\n\t\t<div class=\"qodef-e-media-holder\">\n\t\t\t<div class=\"qodef-e-media\">\n\t\t<div class=\"qodef-e-media-image\">\n\t\t<a itemprop=\"url\" href=\"https:\/\/egd.no\/en\/egd-holding-as-har-overtatt-eierskapet-til-argentums-forvaltningsvirksomhet\/\">\n\t\t\t<img fetchpriority=\"high\" decoding=\"async\" src=\"https:\/\/egd.no\/cm\/wp-content\/uploads\/2022\/03\/Bilde-29.03.2018-22-44-03-scaled-550x300.jpg\" alt=\"\" width=\"550\" height=\"300\" \/>\t\t<\/a>\n\t\t\t<\/div>\n<\/div>\n<div itemprop=\"dateCreated\" class=\"qodef-e-info-item qodef-e-info-date entry-date \">\n\t<a itemprop=\"url\" href=\"https:\/\/egd.no\/en\/2026\/01\/\">\n\t\t5 Jan\t<\/a>\n<\/div>\n\t\t<\/div>\n\t\t<div class=\"qodef-e-content\">\n\t\t\t\t\t\t\t<div class=\"qodef-e-info qodef-info--top\">\n\t\t\t\t\t\t\t\t\t<\/div>\n\t\t\t\t\t\t<div class=\"qodef-e-text\">\n\t\t\t\t<h5 itemprop=\"name\" class=\"qodef-e-title entry-title\">\n\t<a itemprop=\"url\" class=\"qodef-e-title-link\" href=\"https:\/\/egd.no\/en\/egd-holding-as-har-overtatt-eierskapet-til-argentums-forvaltningsvirksomhet\/\">\n\t\tEGD Holding AS har overtatt eierskapet til Argentums forvaltningsvirksomhet\t<\/a>\n<\/h5>\n\t\t<p itemprop=\"description\" class=\"qodef-e-excerpt\">\n\t\t\tEGD Holding overtar med dette eierskapet til Argentum Asset Management, Argentum Alternative Investments og Argentum Business Management.\t\t<\/p>\n\t\t\t\t<\/div>\n\t\t\t\t\t<\/div>\n\t<\/div>\n<\/article>\n<article class=\"qodef-e qodef-blog-item qodef-grid-item qodef-item--custom post-13321 post type-post status-publish format-standard has-post-thumbnail hentry category-news\">\n\t<div class=\"qodef-e-inner\">\n\t\t<div class=\"qodef-e-media-holder\">\n\t\t\t<div class=\"qodef-e-media\">\n\t\t<div class=\"qodef-e-media-image\">\n\t\t<a itemprop=\"url\" href=\"https:\/\/egd.no\/en\/egd-holding-as-kjoper-forvaltningsvirksomheten-til-argentum-fondsinvesteringer-as\/\">\n\t\t\t<img decoding=\"async\" src=\"https:\/\/egd.no\/cm\/wp-content\/uploads\/2022\/03\/Bilde-29.03.2018-19-52-31-scaled-550x300.jpg\" alt=\"\" width=\"550\" height=\"300\" \/>\t\t<\/a>\n\t\t\t<\/div>\n<\/div>\n<div itemprop=\"dateCreated\" class=\"qodef-e-info-item qodef-e-info-date entry-date \">\n\t<a itemprop=\"url\" href=\"https:\/\/egd.no\/en\/2025\/09\/\">\n\t\t10 Sep\t<\/a>\n<\/div>\n\t\t<\/div>\n\t\t<div class=\"qodef-e-content\">\n\t\t\t\t\t\t\t<div class=\"qodef-e-info qodef-info--top\">\n\t\t\t\t\t\t\t\t\t<\/div>\n\t\t\t\t\t\t<div class=\"qodef-e-text\">\n\t\t\t\t<h5 itemprop=\"name\" class=\"qodef-e-title entry-title\">\n\t<a itemprop=\"url\" class=\"qodef-e-title-link\" href=\"https:\/\/egd.no\/en\/egd-holding-as-kjoper-forvaltningsvirksomheten-til-argentum-fondsinvesteringer-as\/\">\n\t\tEGD Holding AS kj\u00f8per forvaltningsvirksomheten til Argentum Fondsinvesteringer as\t<\/a>\n<\/h5>\n\t\t<p itemprop=\"description\" class=\"qodef-e-excerpt\">\n\t\t\tEGD Holding AS har inng\u00e5tt avtale med Argentum Fondsinvesteringer as, et selskap heleid av N\u00e6rings- og fiskeridepartementet, om kj\u00f8p av Argentums forvaltningsvirksomhet.\t\t<\/p>\n\t\t\t\t<\/div>\n\t\t\t\t\t<\/div>\n\t<\/div>\n<\/article>\n<article class=\"qodef-e qodef-blog-item qodef-grid-item qodef-item--custom post-13083 post type-post status-publish format-standard has-post-thumbnail hentry category-uncategorized-no\">\n\t<div class=\"qodef-e-inner\">\n\t\t<div class=\"qodef-e-media-holder\">\n\t\t\t<div class=\"qodef-e-media\">\n\t\t<div class=\"qodef-e-media-image\">\n\t\t<a itemprop=\"url\" href=\"https:\/\/egd.no\/en\/ekserserhuset-kan-bli-flyttet-til-kulturkvartalet-verftet-pa-nordnes\/\">\n\t\t\t<img decoding=\"async\" src=\"https:\/\/egd.no\/cm\/wp-content\/uploads\/2025\/04\/bilde_bt-550x300.webp\" alt=\"\" width=\"550\" height=\"300\" \/>\t\t<\/a>\n\t\t\t<\/div>\n<\/div>\n<div itemprop=\"dateCreated\" class=\"qodef-e-info-item qodef-e-info-date entry-date \">\n\t<a itemprop=\"url\" href=\"https:\/\/egd.no\/en\/2025\/04\/\">\n\t\t3 Apr\t<\/a>\n<\/div>\n\t\t<\/div>\n\t\t<div class=\"qodef-e-content\">\n\t\t\t\t\t\t\t<div class=\"qodef-e-info qodef-info--top\">\n\t\t\t\t\t\t\t\t\t<\/div>\n\t\t\t\t\t\t<div class=\"qodef-e-text\">\n\t\t\t\t<h5 itemprop=\"name\" class=\"qodef-e-title entry-title\">\n\t<a itemprop=\"url\" class=\"qodef-e-title-link\" href=\"https:\/\/egd.no\/en\/ekserserhuset-kan-bli-flyttet-til-kulturkvartalet-verftet-pa-nordnes\/\">\n\t\tEkserserhuset kan bli flyttet til Kulturkvartalet Verftet p\u00e5 Nordnes\t<\/a>\n<\/h5>\n\t\t<p itemprop=\"description\" class=\"qodef-e-excerpt\">\n\t\t\tEkserserhuset kan bli gjenreist ved Kulturkvartalet Verftet p\u00e5 Nordnes etter over 20 \u00e5r i lagring.\t\t<\/p>\n\t\t\t\t<\/div>\n\t\t\t\t\t<\/div>\n\t<\/div>\n<\/article>\n<article class=\"qodef-e qodef-blog-item qodef-grid-item qodef-item--custom post-13009 post type-post status-publish format-standard has-post-thumbnail hentry category-uncategorized\">\n\t<div class=\"qodef-e-inner\">\n\t\t<div class=\"qodef-e-media-holder\">\n\t\t\t<div class=\"qodef-e-media\">\n\t\t<div class=\"qodef-e-media-image\">\n\t\t<a itemprop=\"url\" href=\"https:\/\/egd.no\/en\/her-flytter-italiensk-restaurant-og-advokatgigant-inn\/\">\n\t\t\t<img loading=\"lazy\" decoding=\"async\" src=\"https:\/\/egd.no\/cm\/wp-content\/uploads\/2024\/01\/Bergen_Marken_37-1-scaled-550x300.jpg\" alt=\"\" width=\"550\" height=\"300\" \/>\t\t<\/a>\n\t\t\t<\/div>\n<\/div>\n<div itemprop=\"dateCreated\" class=\"qodef-e-info-item qodef-e-info-date entry-date \">\n\t<a itemprop=\"url\" href=\"https:\/\/egd.no\/en\/2025\/02\/\">\n\t\t6 Feb\t<\/a>\n<\/div>\n\t\t<\/div>\n\t\t<div class=\"qodef-e-content\">\n\t\t\t\t\t\t\t<div class=\"qodef-e-info qodef-info--top\">\n\t\t\t\t\t\t\t\t\t<\/div>\n\t\t\t\t\t\t<div class=\"qodef-e-text\">\n\t\t\t\t<h5 itemprop=\"name\" class=\"qodef-e-title entry-title\">\n\t<a itemprop=\"url\" class=\"qodef-e-title-link\" href=\"https:\/\/egd.no\/en\/her-flytter-italiensk-restaurant-og-advokatgigant-inn\/\">\n\t\tHer flytter italiensk restaurant og advokatgigant inn\t<\/a>\n<\/h5>\n\t\t<p itemprop=\"description\" class=\"qodef-e-excerpt\">\n\t\t\tPraktbygget i Marken 37 f\u00e5r stor uteservering i hagen mot bybanen og jernbanen.\t\t<\/p>\n\t\t\t\t<\/div>\n\t\t\t\t\t<\/div>\n\t<\/div>\n<\/article>\n<article class=\"qodef-e qodef-blog-item qodef-grid-item qodef-item--custom post-12932 post type-post status-publish format-standard has-post-thumbnail hentry category-news category-property-news\">\n\t<div class=\"qodef-e-inner\">\n\t\t<div class=\"qodef-e-media-holder\">\n\t\t\t<div class=\"qodef-e-media\">\n\t\t<div class=\"qodef-e-media-image\">\n\t\t<a itemprop=\"url\" href=\"https:\/\/egd.no\/en\/baneveien-16-i-bergen\/\">\n\t\t\t<img loading=\"lazy\" decoding=\"async\" src=\"https:\/\/egd.no\/cm\/wp-content\/uploads\/2024\/11\/Nordic_Office_of_Architecture_210526_Baneveien_16_N379-550x300.avif\" alt=\"\" width=\"550\" height=\"300\" \/>\t\t<\/a>\n\t\t\t<\/div>\n<\/div>\n<div itemprop=\"dateCreated\" class=\"qodef-e-info-item qodef-e-info-date entry-date \">\n\t<a itemprop=\"url\" href=\"https:\/\/egd.no\/en\/2024\/11\/\">\n\t\t4 Nov\t<\/a>\n<\/div>\n\t\t<\/div>\n\t\t<div class=\"qodef-e-content\">\n\t\t\t\t\t\t\t<div class=\"qodef-e-info qodef-info--top\">\n\t\t\t\t\t\t\t\t\t<\/div>\n\t\t\t\t\t\t<div class=\"qodef-e-text\">\n\t\t\t\t<h5 itemprop=\"name\" class=\"qodef-e-title entry-title\">\n\t<a itemprop=\"url\" class=\"qodef-e-title-link\" href=\"https:\/\/egd.no\/en\/baneveien-16-i-bergen\/\">\n\t\tBaneveien 16 i Bergen\t<\/a>\n<\/h5>\n\t\t<p itemprop=\"description\" class=\"qodef-e-excerpt\">\n\t\t\tBaneveien 16 i Bergen har f\u00e5tt nytt liv gjennom en omfattende rehabilitering som kombinerer moderne energieffektivitet med respekt for byggets historiske s\u00e6rpreg. Med tiltak som\t\t<\/p>\n\t\t\t\t<\/div>\n\t\t\t\t\t<\/div>\n\t<\/div>\n<\/article>\n<article class=\"qodef-e qodef-blog-item qodef-grid-item qodef-item--custom post-12877 post type-post status-publish format-standard has-post-thumbnail hentry category-news category-shipping\">\n\t<div class=\"qodef-e-inner\">\n\t\t<div class=\"qodef-e-media-holder\">\n\t\t\t<div class=\"qodef-e-media\">\n\t\t<div class=\"qodef-e-media-image\">\n\t\t<a itemprop=\"url\" href=\"https:\/\/egd.no\/en\/store-gevinster-i-shipping\/\">\n\t\t\t<img loading=\"lazy\" decoding=\"async\" src=\"https:\/\/egd.no\/cm\/wp-content\/uploads\/2024\/07\/bilde_dosvig-550x300.jpg\" alt=\"\" width=\"550\" height=\"300\" \/>\t\t<\/a>\n\t\t\t<\/div>\n<\/div>\n<div itemprop=\"dateCreated\" class=\"qodef-e-info-item qodef-e-info-date entry-date \">\n\t<a itemprop=\"url\" href=\"https:\/\/egd.no\/en\/2024\/07\/\">\n\t\t12 Jul\t<\/a>\n<\/div>\n\t\t<\/div>\n\t\t<div class=\"qodef-e-content\">\n\t\t\t\t\t\t\t<div class=\"qodef-e-info qodef-info--top\">\n\t\t\t\t\t\t\t\t\t<\/div>\n\t\t\t\t\t\t<div class=\"qodef-e-text\">\n\t\t\t\t<h5 itemprop=\"name\" class=\"qodef-e-title entry-title\">\n\t<a itemprop=\"url\" class=\"qodef-e-title-link\" href=\"https:\/\/egd.no\/en\/store-gevinster-i-shipping\/\">\n\t\tStore gevinster i shipping\t<\/a>\n<\/h5>\n\t\t<p itemprop=\"description\" class=\"qodef-e-excerpt\">\n\t\t\tEspen Galtung D\u00f8svig tjente 570 millioner kroner i fjor etter et sterkt \u00e5r i shipping.\u00a0\u2013 2024 ser ut til \u00e5 bli bra, sier hans v\u00e5pendrager. \u2013 S\u00e5nn overordnet er jeg godt f\t\t<\/p>\n\t\t\t\t<\/div>\n\t\t\t\t\t<\/div>\n\t<\/div>\n<\/article>\n<article class=\"qodef-e qodef-blog-item qodef-grid-item qodef-item--custom post-12812 post type-post status-publish format-standard has-post-thumbnail hentry category-property-news tag-baneveien tag-baneveien-16 tag-egd-property tag-wikborg-rein\">\n\t<div class=\"qodef-e-inner\">\n\t\t<div class=\"qodef-e-media-holder\">\n\t\t\t<div class=\"qodef-e-media\">\n\t\t<div class=\"qodef-e-media-image\">\n\t\t<a itemprop=\"url\" href=\"https:\/\/egd.no\/en\/wikborh-rein-huset\/\">\n\t\t\t<img loading=\"lazy\" decoding=\"async\" src=\"https:\/\/egd.no\/cm\/wp-content\/uploads\/2024\/05\/105124836-550x300.jpg\" alt=\"\" width=\"550\" height=\"300\" \/>\t\t<\/a>\n\t\t\t<\/div>\n<\/div>\n<div itemprop=\"dateCreated\" class=\"qodef-e-info-item qodef-e-info-date entry-date \">\n\t<a itemprop=\"url\" href=\"https:\/\/egd.no\/en\/2024\/05\/\">\n\t\t6 May\t<\/a>\n<\/div>\n\t\t<\/div>\n\t\t<div class=\"qodef-e-content\">\n\t\t\t\t\t\t\t<div class=\"qodef-e-info qodef-info--top\">\n\t\t\t\t\t\t\t\t\t<\/div>\n\t\t\t\t\t\t<div class=\"qodef-e-text\">\n\t\t\t\t<h5 itemprop=\"name\" class=\"qodef-e-title entry-title\">\n\t<a itemprop=\"url\" class=\"qodef-e-title-link\" href=\"https:\/\/egd.no\/en\/wikborh-rein-huset\/\">\n\t\tWikborg Rein-huset\t<\/a>\n<\/h5>\n\t\t<p itemprop=\"description\" class=\"qodef-e-excerpt\">\n\t\t\tEtter \u00e5 ha st\u00e5tt ubrukt i 12 \u00e5r har LAB Entrepren\u00f8r totalrehabilitert og bygget p\u00e5 Baneveien 16 i Bergen sentrum. Byggherre er Baneveien 16 AS, som eies 50\/50 av LAB Eiendom A\t\t<\/p>\n\t\t\t\t<\/div>\n\t\t\t\t\t<\/div>\n\t<\/div>\n<\/article>\n<article class=\"qodef-e qodef-blog-item qodef-grid-item qodef-item--custom post-12692 post type-post status-publish format-standard has-post-thumbnail hentry category-uncategorized-no\">\n\t<div class=\"qodef-e-inner\">\n\t\t<div class=\"qodef-e-media-holder\">\n\t\t\t<div class=\"qodef-e-media\">\n\t\t<div class=\"qodef-e-media-image\">\n\t\t<a itemprop=\"url\" href=\"https:\/\/egd.no\/en\/ambisiose-mal-for-ombruk-nar-tv2-hovedkvarter-blir-nye-leiligheter\/\">\n\t\t\t<img loading=\"lazy\" decoding=\"async\" src=\"https:\/\/egd.no\/cm\/wp-content\/uploads\/2024\/04\/Nostebukten-Brygge-EGD-550x300.jpeg\" alt=\"\" width=\"550\" height=\"300\" \/>\t\t<\/a>\n\t\t\t<\/div>\n<\/div>\n<div itemprop=\"dateCreated\" class=\"qodef-e-info-item qodef-e-info-date entry-date \">\n\t<a itemprop=\"url\" href=\"https:\/\/egd.no\/en\/2024\/04\/\">\n\t\t17 Apr\t<\/a>\n<\/div>\n\t\t<\/div>\n\t\t<div class=\"qodef-e-content\">\n\t\t\t\t\t\t\t<div class=\"qodef-e-info qodef-info--top\">\n\t\t\t\t\t\t\t\t\t<\/div>\n\t\t\t\t\t\t<div class=\"qodef-e-text\">\n\t\t\t\t<h5 itemprop=\"name\" class=\"qodef-e-title entry-title\">\n\t<a itemprop=\"url\" class=\"qodef-e-title-link\" href=\"https:\/\/egd.no\/en\/ambisiose-mal-for-ombruk-nar-tv2-hovedkvarter-blir-nye-leiligheter\/\">\n\t\tAmbisi\u00f8se m\u00e5l for ombruk n\u00e5r TV2-hovedkvarter blir nye leiligheter\t<\/a>\n<\/h5>\n\t\t<p itemprop=\"description\" class=\"qodef-e-excerpt\">\n\t\t\tOBOS og EGD Property har inng\u00e5tt en intensjonsavtale med FutureBuilt og Bergen kommune om at N\u00f8stebukten Brygge skal bli et forbildeprosjekt. M\u00e5let er 70 prosent gjenbruk. &amp;#821\t\t<\/p>\n\t\t\t\t<\/div>\n\t\t\t\t\t<\/div>\n\t<\/div>\n<\/article>\n<article class=\"qodef-e qodef-blog-item qodef-grid-item qodef-item--custom post-12613 post type-post status-publish format-standard has-post-thumbnail hentry category-frontpage category-news category-property-news\">\n\t<div class=\"qodef-e-inner\">\n\t\t<div class=\"qodef-e-media-holder\">\n\t\t\t<div class=\"qodef-e-media\">\n\t\t<div class=\"qodef-e-media-image\">\n\t\t<a itemprop=\"url\" href=\"https:\/\/egd.no\/en\/na-eier-de-endelig-gigantprosjektet\/\">\n\t\t\t<img loading=\"lazy\" decoding=\"async\" src=\"https:\/\/egd.no\/cm\/wp-content\/uploads\/2024\/04\/image002-550x300.jpg\" alt=\"kulturkvartalet verftet\" width=\"550\" height=\"300\" \/>\t\t<\/a>\n\t\t\t<\/div>\n<\/div>\n<div itemprop=\"dateCreated\" class=\"qodef-e-info-item qodef-e-info-date entry-date \">\n\t<a itemprop=\"url\" href=\"https:\/\/egd.no\/en\/2024\/04\/\">\n\t\t5 Apr\t<\/a>\n<\/div>\n\t\t<\/div>\n\t\t<div class=\"qodef-e-content\">\n\t\t\t\t\t\t\t<div class=\"qodef-e-info qodef-info--top\">\n\t\t\t\t\t\t\t\t\t<\/div>\n\t\t\t\t\t\t<div class=\"qodef-e-text\">\n\t\t\t\t<h5 itemprop=\"name\" class=\"qodef-e-title entry-title\">\n\t<a itemprop=\"url\" class=\"qodef-e-title-link\" href=\"https:\/\/egd.no\/en\/na-eier-de-endelig-gigantprosjektet\/\">\n\t\tN\u00e5 eier de endelig gigantprosjektet\t<\/a>\n<\/h5>\n\t\t<p itemprop=\"description\" class=\"qodef-e-excerpt\">\n\t\t\tKulturkvartalet p\u00e5 verftet \u00f8nsker \u00e5 bli best i klassen. M\u00e5let er \u00e5 starte bygging i 2025. \u2013 Dette er en veldig spesiell dag, en historisk dag. Vi startet en lang og krokete\t\t<\/p>\n\t\t\t\t<\/div>\n\t\t\t\t\t<\/div>\n\t<\/div>\n<\/article>\n<article class=\"qodef-e qodef-blog-item qodef-grid-item qodef-item--custom post-12413 post type-post status-publish format-standard has-post-thumbnail hentry category-uncategorized\">\n\t<div class=\"qodef-e-inner\">\n\t\t<div class=\"qodef-e-media-holder\">\n\t\t\t<div class=\"qodef-e-media\">\n\t\t<div class=\"qodef-e-media-image\">\n\t\t<a itemprop=\"url\" href=\"https:\/\/egd.no\/en\/egd-utvider-samarbeidet-med-brann\/\">\n\t\t\t<img loading=\"lazy\" decoding=\"async\" src=\"https:\/\/egd.no\/cm\/wp-content\/uploads\/2024\/01\/brann-nyhet-550x300.png\" alt=\"\" width=\"550\" height=\"300\" \/>\t\t<\/a>\n\t\t\t<\/div>\n<\/div>\n<div itemprop=\"dateCreated\" class=\"qodef-e-info-item qodef-e-info-date entry-date \">\n\t<a itemprop=\"url\" href=\"https:\/\/egd.no\/en\/2024\/01\/\">\n\t\t8 Jan\t<\/a>\n<\/div>\n\t\t<\/div>\n\t\t<div class=\"qodef-e-content\">\n\t\t\t\t\t\t\t<div class=\"qodef-e-info qodef-info--top\">\n\t\t\t\t\t\t\t\t\t<\/div>\n\t\t\t\t\t\t<div class=\"qodef-e-text\">\n\t\t\t\t<h5 itemprop=\"name\" class=\"qodef-e-title entry-title\">\n\t<a itemprop=\"url\" class=\"qodef-e-title-link\" href=\"https:\/\/egd.no\/en\/egd-utvider-samarbeidet-med-brann\/\">\n\t\tEGD utvider samarbeidet med Brann\t<\/a>\n<\/h5>\n\t\t<p itemprop=\"description\" class=\"qodef-e-excerpt\">\n\t\t\tEGD er en av Branns st\u00f8rste partnere. N\u00e5 utvider de avtalen enda et hakk, og vil fra 2024-sesongen v\u00e6re \u00e5 finne p\u00e5 b\u00e5de herre- og kvinnelagets shortser \u2013 EGD har v\u00e6rt med\t\t<\/p>\n\t\t\t\t<\/div>\n\t\t\t\t\t<\/div>\n\t<\/div>\n<\/article>\n<article class=\"qodef-e qodef-blog-item qodef-grid-item qodef-item--custom post-12339 post type-post status-publish format-standard has-post-thumbnail hentry category-news category-property-news tag-egd-property tag-marken-37 tag-tor-fredrik-muller\">\n\t<div class=\"qodef-e-inner\">\n\t\t<div class=\"qodef-e-media-holder\">\n\t\t\t<div class=\"qodef-e-media\">\n\t\t<div class=\"qodef-e-media-image\">\n\t\t<a itemprop=\"url\" href=\"https:\/\/egd.no\/en\/kjopte-rett-ved-togstasjonen-skal-bidra-til-bylivet\/\">\n\t\t\t<img loading=\"lazy\" decoding=\"async\" src=\"https:\/\/egd.no\/cm\/wp-content\/uploads\/2024\/01\/portrett-egd-550x300.jpeg\" alt=\"portrett Tor Fredrik M\u00fcller\" width=\"550\" height=\"300\" \/>\t\t<\/a>\n\t\t\t<\/div>\n<\/div>\n<div itemprop=\"dateCreated\" class=\"qodef-e-info-item qodef-e-info-date entry-date \">\n\t<a itemprop=\"url\" href=\"https:\/\/egd.no\/en\/2024\/01\/\">\n\t\t5 Jan\t<\/a>\n<\/div>\n\t\t<\/div>\n\t\t<div class=\"qodef-e-content\">\n\t\t\t\t\t\t\t<div class=\"qodef-e-info qodef-info--top\">\n\t\t\t\t\t\t\t\t\t<\/div>\n\t\t\t\t\t\t<div class=\"qodef-e-text\">\n\t\t\t\t<h5 itemprop=\"name\" class=\"qodef-e-title entry-title\">\n\t<a itemprop=\"url\" class=\"qodef-e-title-link\" href=\"https:\/\/egd.no\/en\/kjopte-rett-ved-togstasjonen-skal-bidra-til-bylivet\/\">\n\t\tKj\u00f8pte rett ved togstasjonen \u2013 skal bidra til bylivet\t<\/a>\n<\/h5>\n\t\t<p itemprop=\"description\" class=\"qodef-e-excerpt\">\n\t\t\tEGD Property har i lang tid v\u00e6rt i dialog med Entra om Marken 37. P\u00e5 sikt skal bygget totalrehabiliteres. Rett f\u00f8r jul sendte Entra ut melding om at selskapet hadde solgt Cort A\t\t<\/p>\n\t\t\t\t<\/div>\n\t\t\t\t\t<\/div>\n\t<\/div>\n<\/article>\n<article class=\"qodef-e qodef-blog-item qodef-grid-item qodef-item--custom post-12268 post type-post status-publish format-standard has-post-thumbnail hentry category-property-news\">\n\t<div class=\"qodef-e-inner\">\n\t\t<div class=\"qodef-e-media-holder\">\n\t\t\t<div class=\"qodef-e-media\">\n\t\t<div class=\"qodef-e-media-image\">\n\t\t<a itemprop=\"url\" href=\"https:\/\/egd.no\/en\/konkurranse-om-byarena-i-bergen-avgjort\/\">\n\t\t\t<img loading=\"lazy\" decoding=\"async\" src=\"https:\/\/egd.no\/cm\/wp-content\/uploads\/2023\/11\/5c116da6-d3ff-4517-8509-9961d95d852e-1-550x300.jpg\" alt=\"\" width=\"550\" height=\"300\" \/>\t\t<\/a>\n\t\t\t<\/div>\n<\/div>\n<div itemprop=\"dateCreated\" class=\"qodef-e-info-item qodef-e-info-date entry-date \">\n\t<a itemprop=\"url\" href=\"https:\/\/egd.no\/en\/2023\/11\/\">\n\t\t28 Nov\t<\/a>\n<\/div>\n\t\t<\/div>\n\t\t<div class=\"qodef-e-content\">\n\t\t\t\t\t\t\t<div class=\"qodef-e-info qodef-info--top\">\n\t\t\t\t\t\t\t\t\t<\/div>\n\t\t\t\t\t\t<div class=\"qodef-e-text\">\n\t\t\t\t<h5 itemprop=\"name\" class=\"qodef-e-title entry-title\">\n\t<a itemprop=\"url\" class=\"qodef-e-title-link\" href=\"https:\/\/egd.no\/en\/konkurranse-om-byarena-i-bergen-avgjort\/\">\n\t\tKonkurranse om byarena i Bergen avgjort\t<\/a>\n<\/h5>\n\t\t<p itemprop=\"description\" class=\"qodef-e-excerpt\">\n\t\t\tCF M\u00f8ller og HLM Arkitektur vinner privat arkitektkonkurransen om byarena i Bergen.\t\t<\/p>\n\t\t\t\t<\/div>\n\t\t\t\t\t<\/div>\n\t<\/div>\n<\/article>\n\t<\/div>\n\t\t<div class=\"qodef-addons-m-pagination qodef--standard\">\n\t\t<nav class=\"navigation pagination\" role=\"navigation\" aria-label=\"Posts\">\n\t\t\t<h2 class=\"screen-reader-text\">Posts navigation<\/h2>\n\t\t\t<div class=\"nav-links\">\n\t\t\t\t<span aria-current=\"page\" class=\"page-numbers current\">1<\/span>\n<a class=\"page-numbers\" href=\"https:\/\/egd.no\/en\/wp-json\/wp\/v2\/pages\/10576\/page\/2\/\">2<\/a>\n<a class=\"page-numbers\" href=\"https:\/\/egd.no\/en\/wp-json\/wp\/v2\/pages\/10576\/page\/3\/\">3<\/a>\n<span class=\"page-numbers dots\">&hellip;<\/span>\n<a class=\"page-numbers\" href=\"https:\/\/egd.no\/en\/wp-json\/wp\/v2\/pages\/10576\/page\/8\/\">8<\/a>\n<a class=\"next page-numbers\" href=\"https:\/\/egd.no\/en\/wp-json\/wp\/v2\/pages\/10576\/page\/2\/\"><svg class=\"qodef-m-pagination-icon\" xmlns=\"http:\/\/www.w3.org\/2000\/svg\" x=\"0px\" y=\"0px\" viewBox=\"0 0 34.2 32.3\" xml:space=\"preserve\" style=\"stroke-width: 2;\"><line x1=\"0\" y1=\"16\" x2=\"33\" y2=\"16\"\/><line x1=\"17.3\" y1=\"0.7\" x2=\"33.2\" y2=\"16.5\"\/><line x1=\"17.3\" y1=\"31.6\" x2=\"33.5\" y2=\"15.4\"\/><\/svg><\/a>\t\t\t<\/div>\n\t\t<\/nav>\n\t<\/div>\n<\/div>\n\t\t\t\t<\/div>\n\t\t\t\t<\/div>\n\t\t\t\t\t<\/div>\n\t\t<\/div>\n\t\t\t\t\t<\/div>\n\t\t<\/section>\n\t\t\t\t<\/div>\n\t\t","protected":false},"excerpt":{"rendered":"<p>News 9 mai Portrettet: Har hatt samme bankforbindelse i 114 \u00e5r P\u00e5 1990-tallet opptr\u00e5dte Espen Galtung D\u00f8svig og Tor Fredrik Mu\u0308ller sammen som mannekenger i Bergen. N\u00e5 driver de stort innen eiendom fra det som kanskje er Norges r\u00e5este ko 18 mar Bra ettersp\u00f8rsel etter kontorlokaler med gode kvaliteter og beliggenhet i Bergen sentrum EGD [&hellip;]<\/p>\n","protected":false},"author":1,"featured_media":0,"parent":0,"menu_order":0,"comment_status":"closed","ping_status":"closed","template":"","meta":{"footnotes":""},"class_list":["post-10576","page","type-page","status-publish","hentry"],"_links":{"self":[{"href":"https:\/\/egd.no\/en\/wp-json\/wp\/v2\/pages\/10576","targetHints":{"allow":["GET"]}}],"collection":[{"href":"https:\/\/egd.no\/en\/wp-json\/wp\/v2\/pages"}],"about":[{"href":"https:\/\/egd.no\/en\/wp-json\/wp\/v2\/types\/page"}],"author":[{"embeddable":true,"href":"https:\/\/egd.no\/en\/wp-json\/wp\/v2\/users\/1"}],"replies":[{"embeddable":true,"href":"https:\/\/egd.no\/en\/wp-json\/wp\/v2\/comments?post=10576"}],"version-history":[{"count":4,"href":"https:\/\/egd.no\/en\/wp-json\/wp\/v2\/pages\/10576\/revisions"}],"predecessor-version":[{"id":11227,"href":"https:\/\/egd.no\/en\/wp-json\/wp\/v2\/pages\/10576\/revisions\/11227"}],"wp:attachment":[{"href":"https:\/\/egd.no\/en\/wp-json\/wp\/v2\/media?parent=10576"}],"curies":[{"name":"wp","href":"https:\/\/api.w.org\/{rel}","templated":true}]}}